{"id":529,"date":"2021-11-24T15:24:48","date_gmt":"2021-11-24T08:24:48","guid":{"rendered":"https:\/\/thucphamkimoanh.vn\/?post_type=product&#038;p=529"},"modified":"2021-11-24T15:33:57","modified_gmt":"2021-11-24T08:33:57","slug":"suat-an-gia-20-000-ngay-24-11-2021","status":"publish","type":"product","link":"https:\/\/thucphamkimoanh.vn\/en\/shop\/dich-vu-suat-an\/thuc-don-suat-an\/suat-an-cong-nghiep\/suat-an-gia-20-000-ngay-24-11-2021\/","title":{"rendered":"(Ti\u1ebfng Vi\u1ec7t) SU\u1ea4T \u0102N ( GI\u00c1 20.000\u0111 ) NG\u00c0Y 24\/11\/2021"},"content":{"rendered":"<p class=\"qtranxs-available-languages-message qtranxs-available-languages-message-en\">Sorry, this entry is only available in <a href=\"https:\/\/thucphamkimoanh.vn\/vi\/wp-json\/wp\/v2\/product\/529\" class=\"qtranxs-available-language-link qtranxs-available-language-link-vi\" title=\"Ti\u1ebfng Vi\u1ec7t\">Vietnamese<\/a>.<\/p>","protected":false},"excerpt":{"rendered":"<p>Sorry, this entry is only available in Vietnamese.<\/p>\n","protected":false},"featured_media":530,"comment_status":"open","ping_status":"closed","template":"","meta":[],"product_cat":[25,20,27,24,21],"product_tag":[],"_links":{"self":[{"href":"https:\/\/thucphamkimoanh.vn\/en\/wp-json\/wp\/v2\/product\/529"}],"collection":[{"href":"https:\/\/thucphamkimoanh.vn\/en\/wp-json\/wp\/v2\/product"}],"about":[{"href":"https:\/\/thucphamkimoanh.vn\/en\/wp-json\/wp\/v2\/types\/product"}],"replies":[{"embeddable":true,"href":"https:\/\/thucphamkimoanh.vn\/en\/wp-json\/wp\/v2\/comments?post=529"}],"wp:featuredmedia":[{"embeddable":true,"href":"https:\/\/thucphamkimoanh.vn\/en\/wp-json\/wp\/v2\/media\/530"}],"wp:attachment":[{"href":"https:\/\/thucphamkimoanh.vn\/en\/wp-json\/wp\/v2\/media?parent=529"}],"wp:term":[{"taxonomy":"product_cat","embeddable":true,"href":"https:\/\/thucphamkimoanh.vn\/en\/wp-json\/wp\/v2\/product_cat?post=529"},{"taxonomy":"product_tag","embeddable":true,"href":"https:\/\/thucphamkimoanh.vn\/en\/wp-json\/wp\/v2\/product_tag?post=529"}],"curies":[{"name":"wp","href":"https:\/\/api.w.org\/{rel}","templated":true}]}}