{"id":19,"date":"2021-03-29T15:12:01","date_gmt":"2021-03-29T08:12:01","guid":{"rendered":"http:\/\/localhost\/thucpham\/?page_id=19"},"modified":"2022-02-15T16:06:09","modified_gmt":"2022-02-15T09:06:09","slug":"gioi-thieu","status":"publish","type":"page","link":"https:\/\/thucphamkimoanh.vn\/en\/gioi-thieu\/","title":{"rendered":"About us"},"content":{"rendered":"<p><img src=\"http:\/\/localhost\/thucpham\/wp-content\/uploads\/2021\/03\/banner-gioi-thieu.jpg\" alt=\"\" \/><\/p>\n<p>C\u00f4ng ty TNHH Th\u1ef1c ph\u1ea9m\u00a0<strong>Kim Oanh<\/strong>\u00a0\u0111\u01b0\u1ee3c th\u00e0nh l\u1eadp ng\u00e0y 31\/12\/2002, l\u0129nh v\u1ef1c kinh doanh ch\u00ednh l\u00e0 cung c\u1ea5p su\u1ea5t \u0103n theo h\u1ee3p \u0111\u1ed3ng.<\/p>\n<p>V\u1edbi kinh nghi\u1ec7m h\u01a1n 16 n\u0103m h\u1ecdat \u0111\u1ed9ng, ch\u00fang t\u00f4i th\u1ef1c s\u1ef1 l\u00e0 c\u00f4ng ty chuy\u00ean nghi\u1ec7p trong l\u0129nh v\u1ef1c ph\u1ee5c v\u1ee5 cung c\u1ea5p c\u00f4ng su\u1ea5t \u0103n, su\u1ea5t \u0103n cho h\u1ecdc sinh, c\u01a1m v\u0103n ph\u00f2ng t\u1ea1i Tp.HCM. Ch\u00fang t\u00f4i ch\u00fa tr\u1ecdng v\u1ec7 sinh an to\u00e0n th\u1ef1c ph\u1ea9m \u0111\u1ec3 mang \u0111\u1ebfn t\u1eebng su\u1ea5t \u0103n \u201cs\u1ea1ch\u201d, gi\u00e1 th\u00e0nh c\u1ea1nh tranh v\u00e0 th\u1ef1c \u0111\u01a1n su\u1ea5t \u0103n c\u00f4ng nghi\u1ec7p \u0111a d\u1ea1ng gi\u00e0u dinh d\u01b0\u1ee1ng, thay \u0111\u1ed5i theo ca.<\/p>\n<p>Kh\u00f4ng nh\u1eefng th\u1ebf, ch\u00fang t\u00f4i lu\u00f4n lu\u00f4n n\u1ed5 l\u1ef1c ph\u1ea5n \u0111\u1ea5u kh\u00f4ng ng\u1eebng \u0111\u1ec3 c\u1ea3i thi\u1ec7n ch\u1ea5t l\u01b0\u1ee3ng d\u1ecbch v\u1ee5 v\u00e0 ch\u1ea5t l\u01b0\u1ee3ng t\u1eebng kh\u1ea9u ph\u1ea7n su\u1ea5t \u0103n c\u00f4ng nghi\u1ec7p. \u0110\u1ec3 l\u00e0m \u0111\u01b0\u1ee3c \u0111i\u1ec1u \u0111\u00f3 ch\u00fang t\u00f4i l\u1ea5y uy t\u00edn v\u00e0 ch\u1eef t\u00e2m l\u00e0m n\u1ec1n t\u1ea3ng, \u0111\u00f3 l\u00e0 ph\u01b0\u01a1ng ch\u00e2m kinh doanh c\u1ee7a ch\u00fang t\u00f4i.<\/p>","protected":false},"excerpt":{"rendered":"<p>C\u00f4ng ty TNHH Th\u1ef1c ph\u1ea9m\u00a0Kim Oanh\u00a0\u0111\u01b0\u1ee3c th\u00e0nh l\u1eadp ng\u00e0y 31\/12\/2002, l\u0129nh v\u1ef1c kinh doanh ch\u00ednh l\u00e0 cung c\u1ea5p su\u1ea5t \u0103n theo h\u1ee3p \u0111\u1ed3ng. V\u1edbi kinh nghi\u1ec7m h\u01a1n 16 n\u0103m h\u1ecdat \u0111\u1ed9ng, ch\u00fang t\u00f4i th\u1ef1c s\u1ef1 l\u00e0 c\u00f4ng ty chuy\u00ean nghi\u1ec7p trong l\u0129nh v\u1ef1c ph\u1ee5c v\u1ee5 cung c\u1ea5p c\u00f4ng su\u1ea5t \u0103n, su\u1ea5t \u0103n cho h\u1ecdc sinh, [&hellip;]<\/p>\n","protected":false},"author":1,"featured_media":650,"parent":0,"menu_order":0,"comment_status":"closed","ping_status":"closed","template":"","meta":[],"_links":{"self":[{"href":"https:\/\/thucphamkimoanh.vn\/en\/wp-json\/wp\/v2\/pages\/19"}],"collection":[{"href":"https:\/\/thucphamkimoanh.vn\/en\/wp-json\/wp\/v2\/pages"}],"about":[{"href":"https:\/\/thucphamkimoanh.vn\/en\/wp-json\/wp\/v2\/types\/page"}],"author":[{"embeddable":true,"href":"https:\/\/thucphamkimoanh.vn\/en\/wp-json\/wp\/v2\/users\/1"}],"replies":[{"embeddable":true,"href":"https:\/\/thucphamkimoanh.vn\/en\/wp-json\/wp\/v2\/comments?post=19"}],"version-history":[{"count":26,"href":"https:\/\/thucphamkimoanh.vn\/en\/wp-json\/wp\/v2\/pages\/19\/revisions"}],"predecessor-version":[{"id":468,"href":"https:\/\/thucphamkimoanh.vn\/en\/wp-json\/wp\/v2\/pages\/19\/revisions\/468"}],"wp:featuredmedia":[{"embeddable":true,"href":"https:\/\/thucphamkimoanh.vn\/en\/wp-json\/wp\/v2\/media\/650"}],"wp:attachment":[{"href":"https:\/\/thucphamkimoanh.vn\/en\/wp-json\/wp\/v2\/media?parent=19"}],"curies":[{"name":"wp","href":"https:\/\/api.w.org\/{rel}","templated":true}]}}